{"id":4,"date":"2016-09-08T15:28:46","date_gmt":"2016-09-08T15:28:46","guid":{"rendered":"http:\/\/www.logosit.net\/?page_id=4"},"modified":"2018-12-15T13:09:49","modified_gmt":"2018-12-15T13:09:49","slug":"logos-it","status":"publish","type":"page","link":"https:\/\/www.logosit.net\/","title":{"rendered":"LOGOS IT"},"content":{"rendered":"<div class=\"entry-content\">\n<div class=\"entry-content\">\n<p>Logos It \u00e9s una empresa de serveis inform\u00e0tics, manteniment i venda de sistemes informatica.<\/p>\n<blockquote><p>Situats a Matar\u00f3, tenim m\u00e9s de 20 anys d\u2019experi\u00e8ncia en manteniment d\u2019equips i disseny de xarxes per a empreses.<\/p><\/blockquote>\n<\/div>\n<div class=\"entry-content\">\n<p>No dubtis en posar-te en contacte amb nosaltres per dubtes, preguntes o consultes.<br \/>\n<img loading=\"lazy\" decoding=\"async\" class=\"alignnone size-full wp-image-84\" src=\"http:\/\/www.logosit.net\/wp-content\/uploads\/2018\/12\/entradaordinadors01.jpeg\" alt=\"\" width=\"700\" height=\"521\" srcset=\"https:\/\/www.logosit.net\/wp-content\/uploads\/2018\/12\/entradaordinadors01.jpeg 700w, https:\/\/www.logosit.net\/wp-content\/uploads\/2018\/12\/entradaordinadors01-300x223.jpeg 300w\" sizes=\"auto, (max-width: 700px) 100vw, 700px\" \/><\/p>\n<\/div>\n<\/div>\n","protected":false},"excerpt":{"rendered":"<p>Logos It \u00e9s una empresa de serveis inform\u00e0tics, manteniment i venda de sistemes informatica. Situats a Matar\u00f3, tenim m\u00e9s de 20 anys d\u2019experi\u00e8ncia en manteniment d\u2019equips i disseny de xarxes per a empreses. No dubtis en posar-te en contacte amb nosaltres per dubtes, preguntes o consultes.<\/p>\n","protected":false},"author":1,"featured_media":0,"parent":0,"menu_order":0,"comment_status":"closed","ping_status":"closed","template":"","meta":{"footnotes":""},"class_list":["post-4","page","type-page","status-publish","hentry"],"_links":{"self":[{"href":"https:\/\/www.logosit.net\/index.php\/wp-json\/wp\/v2\/pages\/4","targetHints":{"allow":["GET"]}}],"collection":[{"href":"https:\/\/www.logosit.net\/index.php\/wp-json\/wp\/v2\/pages"}],"about":[{"href":"https:\/\/www.logosit.net\/index.php\/wp-json\/wp\/v2\/types\/page"}],"author":[{"embeddable":true,"href":"https:\/\/www.logosit.net\/index.php\/wp-json\/wp\/v2\/users\/1"}],"replies":[{"embeddable":true,"href":"https:\/\/www.logosit.net\/index.php\/wp-json\/wp\/v2\/comments?post=4"}],"version-history":[{"count":7,"href":"https:\/\/www.logosit.net\/index.php\/wp-json\/wp\/v2\/pages\/4\/revisions"}],"predecessor-version":[{"id":87,"href":"https:\/\/www.logosit.net\/index.php\/wp-json\/wp\/v2\/pages\/4\/revisions\/87"}],"wp:attachment":[{"href":"https:\/\/www.logosit.net\/index.php\/wp-json\/wp\/v2\/media?parent=4"}],"curies":[{"name":"wp","href":"https:\/\/api.w.org\/{rel}","templated":true}]}}